{"id":103545,"date":"2026-03-04T11:36:17","date_gmt":"2026-03-04T11:36:17","guid":{"rendered":"https:\/\/hafnarfjordur.is\/?page_id=103545"},"modified":"2026-03-04T11:41:42","modified_gmt":"2026-03-04T11:41:42","slug":"fraedsla-um-personuvernd-og-vinnslu-personuupplysinga","status":"publish","type":"page","link":"https:\/\/hafnarfjordur.is\/en\/yfirlit-stakar-sidur\/fraedsla-um-personuvernd-og-vinnslu-personuupplysinga\/","title":{"rendered":"Fr\u00e6\u00f0sla um pers\u00f3nuvernd og vinnslu pers\u00f3nuuppl\u00fdsinga"},"content":{"rendered":"","protected":false},"excerpt":{"rendered":"","protected":false},"author":4,"featured_media":0,"parent":36391,"menu_order":0,"comment_status":"closed","ping_status":"closed","template":"page-elements.php","meta":{"_acf_changed":false,"_breakdance_hide_in_design_set":false,"_breakdance_tags":"","footnotes":""},"class_list":["post-103545","page","type-page","status-publish","hentry"],"acf":[],"_links":{"self":[{"href":"https:\/\/hafnarfjordur.is\/en\/wp-json\/wp\/v2\/pages\/103545","targetHints":{"allow":["GET"]}}],"collection":[{"href":"https:\/\/hafnarfjordur.is\/en\/wp-json\/wp\/v2\/pages"}],"about":[{"href":"https:\/\/hafnarfjordur.is\/en\/wp-json\/wp\/v2\/types\/page"}],"author":[{"embeddable":true,"href":"https:\/\/hafnarfjordur.is\/en\/wp-json\/wp\/v2\/users\/4"}],"replies":[{"embeddable":true,"href":"https:\/\/hafnarfjordur.is\/en\/wp-json\/wp\/v2\/comments?post=103545"}],"version-history":[{"count":0,"href":"https:\/\/hafnarfjordur.is\/en\/wp-json\/wp\/v2\/pages\/103545\/revisions"}],"up":[{"embeddable":true,"href":"https:\/\/hafnarfjordur.is\/en\/wp-json\/wp\/v2\/pages\/36391"}],"wp:attachment":[{"href":"https:\/\/hafnarfjordur.is\/en\/wp-json\/wp\/v2\/media?parent=103545"}],"curies":[{"name":"WordPress","href":"https:\/\/api.w.org\/{rel}","templated":true}]}}