{"id":35807,"date":"2023-01-04T11:38:38","date_gmt":"2023-01-04T11:38:38","guid":{"rendered":"https:\/\/hafnarfjordur.is\/?page_id=35807"},"modified":"2025-09-12T08:21:02","modified_gmt":"2025-09-12T08:21:02","slug":"hafnarsvaedi-thetting-byggdar","status":"publish","type":"page","link":"https:\/\/hafnarfjordur.is\/en\/hafnarsvaedi-thetting-byggdar\/","title":{"rendered":"Hafnarsv\u00e6\u00f0i \u2013 \u00fe\u00e9tting bygg\u00f0ar"},"content":{"rendered":"","protected":false},"excerpt":{"rendered":"","protected":false},"author":3,"featured_media":0,"parent":0,"menu_order":1,"comment_status":"closed","ping_status":"closed","template":"page-elements.php","meta":{"_acf_changed":false,"_breakdance_hide_in_design_set":false,"_breakdance_tags":"","footnotes":""},"class_list":["post-35807","page","type-page","status-publish","hentry"],"acf":[],"_links":{"self":[{"href":"https:\/\/hafnarfjordur.is\/en\/wp-json\/wp\/v2\/pages\/35807","targetHints":{"allow":["GET"]}}],"collection":[{"href":"https:\/\/hafnarfjordur.is\/en\/wp-json\/wp\/v2\/pages"}],"about":[{"href":"https:\/\/hafnarfjordur.is\/en\/wp-json\/wp\/v2\/types\/page"}],"author":[{"embeddable":true,"href":"https:\/\/hafnarfjordur.is\/en\/wp-json\/wp\/v2\/users\/3"}],"replies":[{"embeddable":true,"href":"https:\/\/hafnarfjordur.is\/en\/wp-json\/wp\/v2\/comments?post=35807"}],"version-history":[{"count":0,"href":"https:\/\/hafnarfjordur.is\/en\/wp-json\/wp\/v2\/pages\/35807\/revisions"}],"wp:attachment":[{"href":"https:\/\/hafnarfjordur.is\/en\/wp-json\/wp\/v2\/media?parent=35807"}],"curies":[{"name":"WordPress","href":"https:\/\/api.w.org\/{rel}","templated":true}]}}